{"id":296,"date":"2020-10-02T22:06:16","date_gmt":"2020-10-02T22:06:16","guid":{"rendered":"https:\/\/humanpartners.pe\/proyectoweb\/index.php\/clone-of-pilar-pajares\/"},"modified":"2025-01-10T15:59:38","modified_gmt":"2025-01-10T20:59:38","slug":"andreas-wiechert","status":"publish","type":"page","link":"https:\/\/humanpartners.pe\/index.php\/andreas-wiechert\/","title":{"rendered":"Andreas Wiechert"},"content":{"rendered":"<p><strong>Andreas Wiechert<\/strong><\/p>\n<p style=\"text-align: justify;\">Licenciado en Derecho de la Universidad Complutense de Madrid. Andreas ha desarrollado una s\u00f3lida carrera como ejecutivo polifac\u00e9tico en distintos pa\u00edses y diversas industrias como la banca, telecomunicaciones, log\u00edstica, retail y tecnolog\u00eda.<\/p>\n<p style=\"text-align: justify;\">Cuenta con m\u00e1s de 25 a\u00f1os de experiencia profesional en cargos ejecutivos de instituciones como Deutsche Bank, Banco de Chile, Entel, Asociaci\u00f3n Log\u00edstica de Chile, C\u00e1mara de Comercio de Santiago y Empresa Nacional de Certificaci\u00f3n.<\/p>\n<p style=\"text-align: justify;\">Durante casi 5 a\u00f1os se desempe\u00f1\u00f3 como Socio Consultor en una firma de headhunting internacional, liderando y ejecutando procesos de \u201cexecutive search\u201d en los sectores financiero, retail, telecomunicaciones, tecnolog\u00eda, y transporte &amp; log\u00edstica.<\/p>\n<p style=\"text-align: justify;\">Ha realizado m\u00e1s de 80 b\u00fasquedas en las funciones de Gerencia General, Gerencia Comercial y de Ventas, Gerencia de Operaciones y Tecnolog\u00eda, Gerencia de Administraci\u00f3n y Finanzas, Gerencia de Recursos Humanos, Gerencia de Comunicaciones Corporativas y de Responsabilidad Social, Gerencia de Marketing, Gerencia de Log\u00edstica, Gerencia de Control de Gesti\u00f3n y Gerencia de Planificaci\u00f3n Estrat\u00e9gica.<\/p>\n<p style=\"text-align: justify;\">Fundador de Value Driven Tech SpA, empresa SaaS, cuyo prop\u00f3sito es democratizar el acceso y el uso de la inteligencia artificial, haci\u00e9ndola accesible, poderosa y f\u00e1cil de implementar para las Pymes.<\/p>\n<p style=\"text-align: justify;\">Ha publicado art\u00edculos en diarios como El Mercurio, Diario Financiero, El Pulso, La Tercera, Revista Dinero, Educamericas, Revista Gerencia, Am\u00e9rica Econom\u00eda y Gesti\u00f3n.<\/p>\n","protected":false},"excerpt":{"rendered":"<p>Andreas Wiechert Licenciado en Derecho de la Universidad Complutense de Madrid. Andreas ha desarrollado una s\u00f3lida carrera como ejecutivo polifac\u00e9tico en distintos pa\u00edses y diversas industrias como la banca, telecomunicaciones, log\u00edstica, retail y tecnolog\u00eda. Cuenta con m\u00e1s de 25 a\u00f1os de experiencia profesional en cargos ejecutivos de instituciones como Deutsche Bank, Banco de Chile, Entel, [&hellip;]<\/p>\n","protected":false},"author":1,"featured_media":0,"parent":0,"menu_order":0,"comment_status":"closed","ping_status":"closed","template":"","meta":{"footnotes":""},"class_list":["post-296","page","type-page","status-publish","hentry","post-wrapper","thrv_wrapper"],"_links":{"self":[{"href":"https:\/\/humanpartners.pe\/index.php\/wp-json\/wp\/v2\/pages\/296","targetHints":{"allow":["GET"]}}],"collection":[{"href":"https:\/\/humanpartners.pe\/index.php\/wp-json\/wp\/v2\/pages"}],"about":[{"href":"https:\/\/humanpartners.pe\/index.php\/wp-json\/wp\/v2\/types\/page"}],"author":[{"embeddable":true,"href":"https:\/\/humanpartners.pe\/index.php\/wp-json\/wp\/v2\/users\/1"}],"replies":[{"embeddable":true,"href":"https:\/\/humanpartners.pe\/index.php\/wp-json\/wp\/v2\/comments?post=296"}],"version-history":[{"count":6,"href":"https:\/\/humanpartners.pe\/index.php\/wp-json\/wp\/v2\/pages\/296\/revisions"}],"predecessor-version":[{"id":568,"href":"https:\/\/humanpartners.pe\/index.php\/wp-json\/wp\/v2\/pages\/296\/revisions\/568"}],"wp:attachment":[{"href":"https:\/\/humanpartners.pe\/index.php\/wp-json\/wp\/v2\/media?parent=296"}],"curies":[{"name":"wp","href":"https:\/\/api.w.org\/{rel}","templated":true}]}}