{"id":293,"date":"2020-10-02T22:03:02","date_gmt":"2020-10-02T22:03:02","guid":{"rendered":"https:\/\/humanpartners.pe\/proyectoweb\/index.php\/clone-of-claudia-secada\/"},"modified":"2021-03-01T15:55:57","modified_gmt":"2021-03-01T15:55:57","slug":"pilar-pajares","status":"publish","type":"page","link":"https:\/\/humanpartners.pe\/index.php\/pilar-pajares\/","title":{"rendered":"Pilar Pajares"},"content":{"rendered":"<p><strong>Pilar Pajares<\/strong><\/p>\n<p style=\"text-align: justify;\">Bachiller en Econom\u00eda de la Universidad Nacional de Trujillo, M\u00e1ster en Direcci\u00f3n de Empresas de la Universidad de Piura, Estudios de Doctorado en Gobierno y Pol\u00edtica P\u00fablica en la Universidad San Mart\u00edn de Porres. Especializaci\u00f3n en Recursos Humanos en la Escuela Superior de Administraci\u00f3n de Negocios &nbsp;ESAN.<\/p>\n<p style=\"text-align: justify;\">Pilar cuenta con m\u00e1s de 25 a\u00f1os de experiencia en cargos ejecutivos en instituciones p\u00fablicas y privadas como el Organismo Supervisor de la Inversi\u00f3n Privada en Energ\u00eda y Miner\u00eda &#8211; Osinergmin donde se desempe\u00f1\u00f3 como Gerente de Administraci\u00f3n y Finanzas, teniendo a su cargo tambi\u00e9n la conducci\u00f3n de los procesos de Recursos Humanos.&nbsp;<\/p>\n<p style=\"text-align: justify;\">Fue Directora Ejecutiva y Secretaria General en la Comisi\u00f3n de Promoci\u00f3n del Per\u00fa para la Exportaci\u00f3n y el Turismo &#8211; Promper\u00fa, liderando la promoci\u00f3n de la imagen pa\u00eds, el turismo y las exportaciones. Dirigi\u00f3 el equipo que cre\u00f3 y desarroll\u00f3 la Marca Per\u00fa. Estuvo al frente de la fusi\u00f3n de la Comisi\u00f3n de la Promoci\u00f3n de Exportaciones &#8211; Prompex y la Comisi\u00f3n de la Promoci\u00f3n del Turismo &#8211; Promper\u00fa.<\/p>\n<p style=\"text-align: justify;\">Se desempe\u00f1\u00f3 como Secretaria de Coordinaci\u00f3n Multisectorial en la Presidencia del Consejo de Ministros, contribuyendo con el plan de competitividad del Consejo Nacional de Competitividad. Anteriormente trabaj\u00f3 como Gerente de Recursos Humanos en el Congreso de la Rep\u00fablica as\u00ed como otros cargos ejecutivos en AFP Uni\u00f3n, Punto Visual e Instituto Peruano de Seguridad Social.<\/p>\n","protected":false},"excerpt":{"rendered":"<p>Pilar Pajares Bachiller en Econom\u00eda de la Universidad Nacional de Trujillo, M\u00e1ster en Direcci\u00f3n de Empresas de la Universidad de Piura, Estudios de Doctorado en Gobierno y Pol\u00edtica P\u00fablica en la Universidad San Mart\u00edn de Porres. Especializaci\u00f3n en Recursos Humanos en la Escuela Superior de Administraci\u00f3n de Negocios &nbsp;ESAN. Pilar cuenta con m\u00e1s de 25 [&hellip;]<\/p>\n","protected":false},"author":1,"featured_media":0,"parent":0,"menu_order":0,"comment_status":"closed","ping_status":"closed","template":"","meta":{"footnotes":""},"class_list":["post-293","page","type-page","status-publish","hentry","post-wrapper","thrv_wrapper"],"_links":{"self":[{"href":"https:\/\/humanpartners.pe\/index.php\/wp-json\/wp\/v2\/pages\/293","targetHints":{"allow":["GET"]}}],"collection":[{"href":"https:\/\/humanpartners.pe\/index.php\/wp-json\/wp\/v2\/pages"}],"about":[{"href":"https:\/\/humanpartners.pe\/index.php\/wp-json\/wp\/v2\/types\/page"}],"author":[{"embeddable":true,"href":"https:\/\/humanpartners.pe\/index.php\/wp-json\/wp\/v2\/users\/1"}],"replies":[{"embeddable":true,"href":"https:\/\/humanpartners.pe\/index.php\/wp-json\/wp\/v2\/comments?post=293"}],"version-history":[{"count":4,"href":"https:\/\/humanpartners.pe\/index.php\/wp-json\/wp\/v2\/pages\/293\/revisions"}],"predecessor-version":[{"id":479,"href":"https:\/\/humanpartners.pe\/index.php\/wp-json\/wp\/v2\/pages\/293\/revisions\/479"}],"wp:attachment":[{"href":"https:\/\/humanpartners.pe\/index.php\/wp-json\/wp\/v2\/media?parent=293"}],"curies":[{"name":"wp","href":"https:\/\/api.w.org\/{rel}","templated":true}]}}