{"id":290,"date":"2020-10-02T21:45:37","date_gmt":"2020-10-02T21:45:37","guid":{"rendered":"https:\/\/humanpartners.pe\/proyectoweb\/index.php\/clone-of-claudia-secada\/"},"modified":"2021-03-01T15:14:43","modified_gmt":"2021-03-01T15:14:43","slug":"ainari-indacochea","status":"publish","type":"page","link":"https:\/\/humanpartners.pe\/index.php\/ainari-indacochea\/","title":{"rendered":"Ai\u00f1ari Indacochea"},"content":{"rendered":"<p><strong>Ai\u00f1ari Indacochea<\/strong><\/p>\n<p style=\"text-align: justify;\">Psic\u00f3loga de la Universidad Femenina del Sagrado Coraz\u00f3n. Postgrado en Psicoterapia Conductual Cognitiva por el Instituto Peruano de Terapia Conductual Cognitiva (IPETEC).<\/p>\n<p style=\"text-align: justify;\">Becaria en Contradrogas para el Entrenamiento en Comunidades Terap\u00e9uticas por Daytop International, Nueva York &#8211; USA. Formaci\u00f3n en Terapia de Pareja por el Counseling Institute of Atlanta. Postgrado en Recursos Humanos &amp; Motivaci\u00f3n por Centrum Pontificia Universidad Cat\u00f3lica del Per\u00fa. Master en Farmacodependencia por la Universidad Peruana Cayetano Heredia.<\/p>\n<p style=\"text-align: justify;\">Cuenta con m\u00e1s de 20 a\u00f1os de experiencia en el \u00e1rea cl\u00ednica institucional y pr\u00e1ctica privada como Psicoterapeuta Cognitivo Conductual. Fund\u00f3 y dirigi\u00f3 durante 15 a\u00f1os Motiva Consulting, firma local de Desarrollo Organizacional, logrando posicionarla dentro del mercado; compitiendo con transnacionales del rubro.<\/p>\n<p style=\"text-align: justify;\">Ha liderado procesos de b\u00fasqueda y evaluaci\u00f3n de personal y de clima laboral para empresas industriales, de consumo masivo, del sector telecomunicaciones, minero, de servicios, entre otros. Ai\u00f1ari es pionera en la elaboraci\u00f3n de programas personalizados de Cultura y Desarrollo Organizacional a nivel nacional e internacional. Su doble expertise le ha permitido trabajar como Coach externo a nivel grupal e individual para compa\u00f1\u00edas globales relevantes en diversas industrias. Colabora hace m\u00e1s de 10 a\u00f1os como voluntaria para la Asociaci\u00f3n Alba y El Arte del Sol con un programa social de apoyo a la comunidad docente del departamento de Piura.<\/p>\n","protected":false},"excerpt":{"rendered":"<p>Ai\u00f1ari Indacochea Psic\u00f3loga de la Universidad Femenina del Sagrado Coraz\u00f3n. Postgrado en Psicoterapia Conductual Cognitiva por el Instituto Peruano de Terapia Conductual Cognitiva (IPETEC). Becaria en Contradrogas para el Entrenamiento en Comunidades Terap\u00e9uticas por Daytop International, Nueva York &#8211; USA. Formaci\u00f3n en Terapia de Pareja por el Counseling Institute of Atlanta. Postgrado en Recursos Humanos [&hellip;]<\/p>\n","protected":false},"author":1,"featured_media":0,"parent":0,"menu_order":0,"comment_status":"closed","ping_status":"closed","template":"","meta":{"footnotes":""},"class_list":["post-290","page","type-page","status-publish","hentry","post-wrapper","thrv_wrapper"],"_links":{"self":[{"href":"https:\/\/humanpartners.pe\/index.php\/wp-json\/wp\/v2\/pages\/290","targetHints":{"allow":["GET"]}}],"collection":[{"href":"https:\/\/humanpartners.pe\/index.php\/wp-json\/wp\/v2\/pages"}],"about":[{"href":"https:\/\/humanpartners.pe\/index.php\/wp-json\/wp\/v2\/types\/page"}],"author":[{"embeddable":true,"href":"https:\/\/humanpartners.pe\/index.php\/wp-json\/wp\/v2\/users\/1"}],"replies":[{"embeddable":true,"href":"https:\/\/humanpartners.pe\/index.php\/wp-json\/wp\/v2\/comments?post=290"}],"version-history":[{"count":4,"href":"https:\/\/humanpartners.pe\/index.php\/wp-json\/wp\/v2\/pages\/290\/revisions"}],"predecessor-version":[{"id":478,"href":"https:\/\/humanpartners.pe\/index.php\/wp-json\/wp\/v2\/pages\/290\/revisions\/478"}],"wp:attachment":[{"href":"https:\/\/humanpartners.pe\/index.php\/wp-json\/wp\/v2\/media?parent=290"}],"curies":[{"name":"wp","href":"https:\/\/api.w.org\/{rel}","templated":true}]}}