{"id":285,"date":"2020-10-02T21:44:19","date_gmt":"2020-10-02T21:44:19","guid":{"rendered":"https:\/\/humanpartners.pe\/proyectoweb\/?page_id=285"},"modified":"2021-03-01T15:04:11","modified_gmt":"2021-03-01T15:04:11","slug":"claudia-secada","status":"publish","type":"page","link":"https:\/\/humanpartners.pe\/index.php\/claudia-secada\/","title":{"rendered":"Claudia Secada"},"content":{"rendered":"<p style=\"text-align: justify;\"><strong>Claudia Secada<\/strong><\/p>\n<p style=\"text-align: justify;\">Psic\u00f3loga de la Universidad Femenina del Sagrado Coraz\u00f3n. Postgrado en Psicoterapia Conductual Cognitiva por el Instituto Peruano de Terapia Conductual Cognitiva (IPETEC).<\/p>\n<p style=\"text-align: justify;\">Cuenta con m\u00e1s de 16 a\u00f1os de experiencia en la industria de Executive Search. Fundadora y Managing Partner de Human Partners firma local de b\u00fasquedas gerenciales con enfoque transversal a todas las industrias.<\/p>\n<p style=\"text-align: justify;\">Antes, fue Managing Partner y estuvo a cargo de abrir operaciones en Per\u00fa de la filial de una firma de Executive Search chilena y fue Socia Fundadora de Forehunters Per\u00fa Consultores; firma local de b\u00fasqueda de ejecutivos.<\/p>\n<p style=\"text-align: justify;\">Anteriormente y durante 11 a\u00f1os trabaj\u00f3 como Asociada Senior en Resource, firma de b\u00fasqueda de ejecutivos relacionada con Boyden Per\u00fa.<\/p>\n<p style=\"text-align: justify;\">Claudia ha liderado y ejecutado m\u00e1s de 400 procesos de b\u00fasqueda en una amplia gama de industrias (retail, consumo masivo, pesca, agroindustria, inmobiliaria, financiera, entre otras).<\/p>\n","protected":false},"excerpt":{"rendered":"<p>Claudia Secada Psic\u00f3loga de la Universidad Femenina del Sagrado Coraz\u00f3n. Postgrado en Psicoterapia Conductual Cognitiva por el Instituto Peruano de Terapia Conductual Cognitiva (IPETEC). Cuenta con m\u00e1s de 16 a\u00f1os de experiencia en la industria de Executive Search. Fundadora y Managing Partner de Human Partners firma local de b\u00fasquedas gerenciales con enfoque transversal a todas [&hellip;]<\/p>\n","protected":false},"author":1,"featured_media":0,"parent":0,"menu_order":0,"comment_status":"closed","ping_status":"closed","template":"","meta":{"footnotes":""},"class_list":["post-285","page","type-page","status-publish","hentry","post-wrapper","thrv_wrapper"],"_links":{"self":[{"href":"https:\/\/humanpartners.pe\/index.php\/wp-json\/wp\/v2\/pages\/285","targetHints":{"allow":["GET"]}}],"collection":[{"href":"https:\/\/humanpartners.pe\/index.php\/wp-json\/wp\/v2\/pages"}],"about":[{"href":"https:\/\/humanpartners.pe\/index.php\/wp-json\/wp\/v2\/types\/page"}],"author":[{"embeddable":true,"href":"https:\/\/humanpartners.pe\/index.php\/wp-json\/wp\/v2\/users\/1"}],"replies":[{"embeddable":true,"href":"https:\/\/humanpartners.pe\/index.php\/wp-json\/wp\/v2\/comments?post=285"}],"version-history":[{"count":7,"href":"https:\/\/humanpartners.pe\/index.php\/wp-json\/wp\/v2\/pages\/285\/revisions"}],"predecessor-version":[{"id":477,"href":"https:\/\/humanpartners.pe\/index.php\/wp-json\/wp\/v2\/pages\/285\/revisions\/477"}],"wp:attachment":[{"href":"https:\/\/humanpartners.pe\/index.php\/wp-json\/wp\/v2\/media?parent=285"}],"curies":[{"name":"wp","href":"https:\/\/api.w.org\/{rel}","templated":true}]}}