{"id":159,"date":"2021-02-18T20:38:58","date_gmt":"2021-02-18T20:38:58","guid":{"rendered":"https:\/\/humanpartners.pe\/en\/?page_id=159"},"modified":"2021-03-05T17:27:46","modified_gmt":"2021-03-05T17:27:46","slug":"pilar-pajares","status":"publish","type":"page","link":"https:\/\/humanpartners.pe\/en\/index.php\/pilar-pajares\/","title":{"rendered":"Pilar Pajares"},"content":{"rendered":"<p style=\"text-align: justify;\"><span style=\"font-family: Raleway;\"><strong>Pilar Pajares<\/strong><\/span><span style=\"font-family: Raleway; font-weight: 400;\">Bachelor in Economics from Universidad Nacional de Trujillo, Master in Business Administration from Universidad de Piura, Doctorate Studies in Government and Public Policy at Universidad San Mart\u00edn de Porres. Specialization in Human Resources at Escuela Superior de Administraci\u00f3n de Negocios &nbsp;ESAN.Pilar has more than 25 years of experience in executive positions in public and private institutions such as Organismo Supervisor de la Inversi\u00f3n Privada en Energ\u00eda y Miner\u00eda &#8211; Osinergmin where she served as Administration and Finance Manager, also being in charge of the management of the Human Resources processes.She was Executive Director and General Secretary in Comisi\u00f3n de Promoci\u00f3n del Per\u00fa para la Exportaci\u00f3n y el Turismo &#8211; Promper\u00fa, leading the promotion of the country&#8217;s image, tourism and exports. She led the team that created and developed the Peru Brand. She was in charge of the merger of Comisi\u00f3n de la Promoci\u00f3n de Exportaciones &#8211; Prompex and Comisi\u00f3n de la Promoci\u00f3n del Turismo &#8211; Promper\u00faShe served as Secretary of Multisectoral Coordination in the Presidency of the Council of Ministers, contributing to the development of the competitiveness plan of the National Competitiveness Council. Previously, she worked as Human Resources Manager in the Congress of the Republic as well as other executive positions in AFP Uni\u00f3n, Punto Visual and Instituto Peruano de Seguridad Social.<\/span><\/p>\n","protected":false},"excerpt":{"rendered":"<p>Pilar PajaresBachelor in Economics from Universidad Nacional de Trujillo, Master in Business Administration from Universidad de Piura, Doctorate Studies in Government and Public Policy at Universidad San Mart\u00edn de Porres. Specialization in Human Resources at Escuela Superior de Administraci\u00f3n de Negocios &nbsp;ESAN.Pilar has more than 25 years of experience in executive positions in public and [&hellip;]<\/p>\n","protected":false},"author":1,"featured_media":0,"parent":0,"menu_order":0,"comment_status":"closed","ping_status":"closed","template":"","meta":{"footnotes":""},"class_list":["post-159","page","type-page","status-publish","hentry","post-wrapper","thrv_wrapper"],"_links":{"self":[{"href":"https:\/\/humanpartners.pe\/en\/index.php\/wp-json\/wp\/v2\/pages\/159","targetHints":{"allow":["GET"]}}],"collection":[{"href":"https:\/\/humanpartners.pe\/en\/index.php\/wp-json\/wp\/v2\/pages"}],"about":[{"href":"https:\/\/humanpartners.pe\/en\/index.php\/wp-json\/wp\/v2\/types\/page"}],"author":[{"embeddable":true,"href":"https:\/\/humanpartners.pe\/en\/index.php\/wp-json\/wp\/v2\/users\/1"}],"replies":[{"embeddable":true,"href":"https:\/\/humanpartners.pe\/en\/index.php\/wp-json\/wp\/v2\/comments?post=159"}],"version-history":[{"count":6,"href":"https:\/\/humanpartners.pe\/en\/index.php\/wp-json\/wp\/v2\/pages\/159\/revisions"}],"predecessor-version":[{"id":249,"href":"https:\/\/humanpartners.pe\/en\/index.php\/wp-json\/wp\/v2\/pages\/159\/revisions\/249"}],"wp:attachment":[{"href":"https:\/\/humanpartners.pe\/en\/index.php\/wp-json\/wp\/v2\/media?parent=159"}],"curies":[{"name":"wp","href":"https:\/\/api.w.org\/{rel}","templated":true}]}}